{"id":3321,"date":"2026-03-23T11:22:55","date_gmt":"2026-03-23T16:22:55","guid":{"rendered":"https:\/\/kempsyshop.com\/index.php\/product\/smartwatch-men-women1-83inch-bt-face-heart-rate-fitness-tracker\/"},"modified":"2026-03-23T11:22:58","modified_gmt":"2026-03-23T16:22:58","slug":"smartwatch-men-women1-83inch-bt-face-heart-rate-fitness-tracker","status":"publish","type":"product","link":"https:\/\/kempsyshop.com\/index.php\/product\/smartwatch-men-women1-83inch-bt-face-heart-rate-fitness-tracker\/","title":{"rendered":"SmartWatch Men Women1.83inch BT Face Heart Rate Fitness Tracker"},"content":{"rendered":"<p> <strong> <font size=\"5\">SmartWatch Men Women Smartwatch with 1.83inch BT Call Custom Watch Face Heart Rate Fitness Tracker Alarm Clock<\/font> <\/strong> <\/p>\n<p>Design elegante e personaliza\u00e7\u00e3o: Este rel\u00f3gio inteligente unissexo apresenta uma forma quadrada com um ecr\u00e3 TFT de 1,83 polegadas e um design resistente \u00e0 \u00e1gua, tornando-o adequado para homens e mulheres. Com o suporte para impress\u00e3o do logotipo, voc\u00ea pode personalizar seu rel\u00f3gio para combinar com seu estilo.<\/p>\n<p>Rastreamento Avan\u00e7ado de Sa\u00fade e Fitness: O rel\u00f3gio inteligente J124 suporta rastreamento da frequ\u00eancia card\u00edaca, rastreamento do ciclo menstrual feminino e rastreamento do sono, permitindo que voc\u00ea monitore sua sa\u00fade geral e condicionamento f\u00edsico. Ele tamb\u00e9m possui um rastreador de calorias, rastreador de dist\u00e2ncia e lembrete sedent\u00e1rio para ajud\u00e1-lo a permanecer ativo.<\/p>\n<p>Notifica\u00e7\u00f5es inteligentes e comunica\u00e7\u00e3o: este rel\u00f3gio inteligente permite que voc\u00ea receba notifica\u00e7\u00f5es do seu telefone, incluindo atualiza\u00e7\u00f5es de m\u00eddia social, mensagens e chamadas. Voc\u00ea pode at\u00e9 atender chamadas e fazer chamadas diretamente do seu rel\u00f3gio, tornando-o um acess\u00f3rio conveniente para o uso di\u00e1rio.<\/p>\n<p>Dura\u00e7\u00e3o da bateria de longa dura\u00e7\u00e3o: Com uma dura\u00e7\u00e3o da bateria de at\u00e9 4 dias, voc\u00ea pode usar este rel\u00f3gio inteligente por um per\u00edodo prolongado sem precisar recarregar. Isso \u00e9 ideal para usu\u00e1rios que desejam uma experi\u00eancia sem complica\u00e7\u00f5es.<\/p>\n<\/p>\n<p>F\u00e1cil de usar e personalizar: o rel\u00f3gio inteligente possui uma tela sens\u00edvel ao toque e controle do aplicativo atrav\u00e9s do aplicativo Dafit, permitindo que voc\u00ea navegue facilmente e personalize seu rel\u00f3gio para atender \u00e0s suas prefer\u00eancias.<\/p>\n","protected":false},"excerpt":{"rendered":"<p>SmartWatch Men Women Smartwatch with 1.83inch BT Call Custom Watch Face Heart Rate Fitness Tracker Alarm Clock Design elegante e personaliza\u00e7\u00e3o: Este rel\u00f3gio inteligente unissexo apresenta uma forma quadrada com um ecr\u00e3 TFT de 1,83 polegadas e um design resistente \u00e0 \u00e1gua, tornando-o adequado para homens e mulheres. Com o suporte para impress\u00e3o do logotipo, [&hellip;]<\/p>\n","protected":false},"featured_media":3311,"template":"","meta":[],"product_brand":[],"product_cat":[41],"product_tag":[],"class_list":{"0":"post-3321","1":"product","2":"type-product","3":"status-publish","4":"has-post-thumbnail","6":"product_cat-electronics","8":"first","9":"instock","10":"taxable","11":"shipping-taxable","12":"purchasable","13":"product-type-variable"},"jetpack_sharing_enabled":true,"_links":{"self":[{"href":"https:\/\/kempsyshop.com\/index.php\/wp-json\/wp\/v2\/product\/3321","targetHints":{"allow":["GET"]}}],"collection":[{"href":"https:\/\/kempsyshop.com\/index.php\/wp-json\/wp\/v2\/product"}],"about":[{"href":"https:\/\/kempsyshop.com\/index.php\/wp-json\/wp\/v2\/types\/product"}],"wp:featuredmedia":[{"embeddable":true,"href":"https:\/\/kempsyshop.com\/index.php\/wp-json\/wp\/v2\/media\/3311"}],"wp:attachment":[{"href":"https:\/\/kempsyshop.com\/index.php\/wp-json\/wp\/v2\/media?parent=3321"}],"wp:term":[{"taxonomy":"product_brand","embeddable":true,"href":"https:\/\/kempsyshop.com\/index.php\/wp-json\/wp\/v2\/product_brand?post=3321"},{"taxonomy":"product_cat","embeddable":true,"href":"https:\/\/kempsyshop.com\/index.php\/wp-json\/wp\/v2\/product_cat?post=3321"},{"taxonomy":"product_tag","embeddable":true,"href":"https:\/\/kempsyshop.com\/index.php\/wp-json\/wp\/v2\/product_tag?post=3321"}],"curies":[{"name":"wp","href":"https:\/\/api.w.org\/{rel}","templated":true}]}}